{"id":1162,"date":"2024-03-21T16:36:25","date_gmt":"2024-03-21T16:36:25","guid":{"rendered":"https:\/\/maujservices.com\/?post_type=product&#038;p=1162"},"modified":"2024-04-16T10:41:30","modified_gmt":"2024-04-16T10:41:30","slug":"compost","status":"publish","type":"product","link":"https:\/\/maujservices.com\/index.php\/product\/compost\/","title":{"rendered":"Compost Sac 20kg"},"content":{"rendered":"<p>Notre <strong>engrais compos\u00e9<\/strong> est un <strong>fertilisant \u00e0 base de d\u00e9chets d&rsquo;origine v\u00e9g\u00e9tale<\/strong> ou animale.<\/p>\n","protected":false},"excerpt":{"rendered":"<p>Notre engrais compos\u00e9 est un fertilisant \u00e0 base de d\u00e9chets d&rsquo;origine v\u00e9g\u00e9tale ou animale.<\/p>\n","protected":false},"featured_media":1873,"comment_status":"open","ping_status":"closed","template":"","meta":{"_eb_attr":""},"product_brand":[],"product_cat":[15],"product_tag":[],"class_list":{"0":"post-1162","1":"product","2":"type-product","3":"status-publish","4":"has-post-thumbnail","6":"product_cat-uncategorized","7":"thunk-woo-product-list","8":"th-shop-mania-woo-hover-","9":"open-single-product-tab-horizontal","10":"open-shadow-","11":"open-shadow-hover-","13":"first","14":"instock","15":"shipping-taxable","16":"purchasable","17":"product-type-simple"},"_links":{"self":[{"href":"https:\/\/maujservices.com\/index.php\/wp-json\/wp\/v2\/product\/1162","targetHints":{"allow":["GET"]}}],"collection":[{"href":"https:\/\/maujservices.com\/index.php\/wp-json\/wp\/v2\/product"}],"about":[{"href":"https:\/\/maujservices.com\/index.php\/wp-json\/wp\/v2\/types\/product"}],"replies":[{"embeddable":true,"href":"https:\/\/maujservices.com\/index.php\/wp-json\/wp\/v2\/comments?post=1162"}],"version-history":[{"count":4,"href":"https:\/\/maujservices.com\/index.php\/wp-json\/wp\/v2\/product\/1162\/revisions"}],"predecessor-version":[{"id":1979,"href":"https:\/\/maujservices.com\/index.php\/wp-json\/wp\/v2\/product\/1162\/revisions\/1979"}],"wp:featuredmedia":[{"embeddable":true,"href":"https:\/\/maujservices.com\/index.php\/wp-json\/wp\/v2\/media\/1873"}],"wp:attachment":[{"href":"https:\/\/maujservices.com\/index.php\/wp-json\/wp\/v2\/media?parent=1162"}],"wp:term":[{"taxonomy":"product_brand","embeddable":true,"href":"https:\/\/maujservices.com\/index.php\/wp-json\/wp\/v2\/product_brand?post=1162"},{"taxonomy":"product_cat","embeddable":true,"href":"https:\/\/maujservices.com\/index.php\/wp-json\/wp\/v2\/product_cat?post=1162"},{"taxonomy":"product_tag","embeddable":true,"href":"https:\/\/maujservices.com\/index.php\/wp-json\/wp\/v2\/product_tag?post=1162"}],"curies":[{"name":"wp","href":"https:\/\/api.w.org\/{rel}","templated":true}]}}