{"id":1172,"date":"2024-03-22T02:41:28","date_gmt":"2024-03-22T02:41:28","guid":{"rendered":"https:\/\/maujservices.com\/?post_type=product&#038;p=1172"},"modified":"2024-04-15T20:30:11","modified_gmt":"2024-04-15T20:30:11","slug":"poulet-de-chair","status":"publish","type":"product","link":"https:\/\/maujservices.com\/index.php\/product\/poulet-de-chair\/","title":{"rendered":"Poulet de chair"},"content":{"rendered":"<p>Nos poulets sp\u00e9cialement \u00e9lev\u00e9s pour leur viande et leur croissance rapide.<\/p>\n","protected":false},"excerpt":{"rendered":"<p>Vente de poulet en gros ou d\u00e9tails.<\/p>\n","protected":false},"featured_media":1173,"comment_status":"open","ping_status":"closed","template":"","meta":{"_eb_attr":""},"product_brand":[],"product_cat":[15],"product_tag":[],"class_list":{"0":"post-1172","1":"product","2":"type-product","3":"status-publish","4":"has-post-thumbnail","6":"product_cat-uncategorized","7":"thunk-woo-product-list","8":"th-shop-mania-woo-hover-","9":"open-single-product-tab-horizontal","10":"open-shadow-","11":"open-shadow-hover-","13":"first","14":"instock","15":"shipping-taxable","16":"purchasable","17":"product-type-simple"},"_links":{"self":[{"href":"https:\/\/maujservices.com\/index.php\/wp-json\/wp\/v2\/product\/1172","targetHints":{"allow":["GET"]}}],"collection":[{"href":"https:\/\/maujservices.com\/index.php\/wp-json\/wp\/v2\/product"}],"about":[{"href":"https:\/\/maujservices.com\/index.php\/wp-json\/wp\/v2\/types\/product"}],"replies":[{"embeddable":true,"href":"https:\/\/maujservices.com\/index.php\/wp-json\/wp\/v2\/comments?post=1172"}],"version-history":[{"count":1,"href":"https:\/\/maujservices.com\/index.php\/wp-json\/wp\/v2\/product\/1172\/revisions"}],"predecessor-version":[{"id":1174,"href":"https:\/\/maujservices.com\/index.php\/wp-json\/wp\/v2\/product\/1172\/revisions\/1174"}],"wp:featuredmedia":[{"embeddable":true,"href":"https:\/\/maujservices.com\/index.php\/wp-json\/wp\/v2\/media\/1173"}],"wp:attachment":[{"href":"https:\/\/maujservices.com\/index.php\/wp-json\/wp\/v2\/media?parent=1172"}],"wp:term":[{"taxonomy":"product_brand","embeddable":true,"href":"https:\/\/maujservices.com\/index.php\/wp-json\/wp\/v2\/product_brand?post=1172"},{"taxonomy":"product_cat","embeddable":true,"href":"https:\/\/maujservices.com\/index.php\/wp-json\/wp\/v2\/product_cat?post=1172"},{"taxonomy":"product_tag","embeddable":true,"href":"https:\/\/maujservices.com\/index.php\/wp-json\/wp\/v2\/product_tag?post=1172"}],"curies":[{"name":"wp","href":"https:\/\/api.w.org\/{rel}","templated":true}]}}