{"id":1920,"date":"2024-04-16T09:32:53","date_gmt":"2024-04-16T09:32:53","guid":{"rendered":"https:\/\/maujservices.com\/?post_type=product&#038;p=1920"},"modified":"2024-04-16T09:49:43","modified_gmt":"2024-04-16T09:49:43","slug":"pintade","status":"publish","type":"product","link":"https:\/\/maujservices.com\/index.php\/product\/pintade\/","title":{"rendered":"Pintade"},"content":{"rendered":"<p>D\u00e9couvrez une s\u00e9lection exquise de volailles savoureuses, \u00e9lev\u00e9es avec soin pour sublimer vos repas en toute occasion.<\/p>\n","protected":false},"excerpt":{"rendered":"<p>Vente de poulet en gros ou d\u00e9tails.<\/p>\n","protected":false},"featured_media":1921,"comment_status":"open","ping_status":"closed","template":"","meta":{"_eb_attr":""},"product_brand":[],"product_cat":[15],"product_tag":[],"class_list":{"0":"post-1920","1":"product","2":"type-product","3":"status-publish","4":"has-post-thumbnail","6":"product_cat-uncategorized","7":"thunk-woo-product-list","8":"th-shop-mania-woo-hover-","9":"open-single-product-tab-horizontal","10":"open-shadow-","11":"open-shadow-hover-","13":"first","14":"instock","15":"shipping-taxable","16":"purchasable","17":"product-type-simple"},"_links":{"self":[{"href":"https:\/\/maujservices.com\/index.php\/wp-json\/wp\/v2\/product\/1920","targetHints":{"allow":["GET"]}}],"collection":[{"href":"https:\/\/maujservices.com\/index.php\/wp-json\/wp\/v2\/product"}],"about":[{"href":"https:\/\/maujservices.com\/index.php\/wp-json\/wp\/v2\/types\/product"}],"replies":[{"embeddable":true,"href":"https:\/\/maujservices.com\/index.php\/wp-json\/wp\/v2\/comments?post=1920"}],"version-history":[{"count":1,"href":"https:\/\/maujservices.com\/index.php\/wp-json\/wp\/v2\/product\/1920\/revisions"}],"predecessor-version":[{"id":1922,"href":"https:\/\/maujservices.com\/index.php\/wp-json\/wp\/v2\/product\/1920\/revisions\/1922"}],"wp:featuredmedia":[{"embeddable":true,"href":"https:\/\/maujservices.com\/index.php\/wp-json\/wp\/v2\/media\/1921"}],"wp:attachment":[{"href":"https:\/\/maujservices.com\/index.php\/wp-json\/wp\/v2\/media?parent=1920"}],"wp:term":[{"taxonomy":"product_brand","embeddable":true,"href":"https:\/\/maujservices.com\/index.php\/wp-json\/wp\/v2\/product_brand?post=1920"},{"taxonomy":"product_cat","embeddable":true,"href":"https:\/\/maujservices.com\/index.php\/wp-json\/wp\/v2\/product_cat?post=1920"},{"taxonomy":"product_tag","embeddable":true,"href":"https:\/\/maujservices.com\/index.php\/wp-json\/wp\/v2\/product_tag?post=1920"}],"curies":[{"name":"wp","href":"https:\/\/api.w.org\/{rel}","templated":true}]}}