{"id":1923,"date":"2024-04-16T09:51:27","date_gmt":"2024-04-16T09:51:27","guid":{"rendered":"https:\/\/maujservices.com\/?post_type=product&#038;p=1923"},"modified":"2024-04-16T10:06:55","modified_gmt":"2024-04-16T10:06:55","slug":"caille","status":"publish","type":"product","link":"https:\/\/maujservices.com\/index.php\/product\/caille\/","title":{"rendered":"Caille"},"content":{"rendered":"<p>D\u00e9couvrez nos cailles, une d\u00e9licieuse volaille tendre et savoureuse, pr\u00eate \u00e0 ravir vos papilles et \u00e0 ajouter une touche d&rsquo;\u00e9l\u00e9gance \u00e0 vos repas.<\/p>\n","protected":false},"excerpt":{"rendered":"<p>Vente d&rsquo;\u0153ufs frais en gros.<\/p>\n","protected":false},"featured_media":1924,"comment_status":"open","ping_status":"closed","template":"","meta":{"_eb_attr":""},"product_brand":[],"product_cat":[15],"product_tag":[],"class_list":{"0":"post-1923","1":"product","2":"type-product","3":"status-publish","4":"has-post-thumbnail","6":"product_cat-uncategorized","7":"thunk-woo-product-list","8":"th-shop-mania-woo-hover-","9":"open-single-product-tab-horizontal","10":"open-shadow-","11":"open-shadow-hover-","13":"first","14":"instock","15":"shipping-taxable","16":"purchasable","17":"product-type-simple"},"_links":{"self":[{"href":"https:\/\/maujservices.com\/index.php\/wp-json\/wp\/v2\/product\/1923","targetHints":{"allow":["GET"]}}],"collection":[{"href":"https:\/\/maujservices.com\/index.php\/wp-json\/wp\/v2\/product"}],"about":[{"href":"https:\/\/maujservices.com\/index.php\/wp-json\/wp\/v2\/types\/product"}],"replies":[{"embeddable":true,"href":"https:\/\/maujservices.com\/index.php\/wp-json\/wp\/v2\/comments?post=1923"}],"version-history":[{"count":1,"href":"https:\/\/maujservices.com\/index.php\/wp-json\/wp\/v2\/product\/1923\/revisions"}],"predecessor-version":[{"id":1925,"href":"https:\/\/maujservices.com\/index.php\/wp-json\/wp\/v2\/product\/1923\/revisions\/1925"}],"wp:featuredmedia":[{"embeddable":true,"href":"https:\/\/maujservices.com\/index.php\/wp-json\/wp\/v2\/media\/1924"}],"wp:attachment":[{"href":"https:\/\/maujservices.com\/index.php\/wp-json\/wp\/v2\/media?parent=1923"}],"wp:term":[{"taxonomy":"product_brand","embeddable":true,"href":"https:\/\/maujservices.com\/index.php\/wp-json\/wp\/v2\/product_brand?post=1923"},{"taxonomy":"product_cat","embeddable":true,"href":"https:\/\/maujservices.com\/index.php\/wp-json\/wp\/v2\/product_cat?post=1923"},{"taxonomy":"product_tag","embeddable":true,"href":"https:\/\/maujservices.com\/index.php\/wp-json\/wp\/v2\/product_tag?post=1923"}],"curies":[{"name":"wp","href":"https:\/\/api.w.org\/{rel}","templated":true}]}}