{"id":861,"date":"2022-12-23T21:42:39","date_gmt":"2022-12-23T21:42:39","guid":{"rendered":"https:\/\/maujservices.com\/?post_type=product&#038;p=861"},"modified":"2022-12-23T21:44:06","modified_gmt":"2022-12-23T21:44:06","slug":"batiments","status":"publish","type":"product","link":"https:\/\/maujservices.com\/index.php\/product\/batiments\/","title":{"rendered":"B\u00e2timents"},"content":{"rendered":"<p>Nous r\u00e9novons votre b\u00e2timent ou votre local \u00e0 un tarif comp\u00e9titif.<\/p>\n","protected":false},"excerpt":{"rendered":"<p>Nous r\u00e9novons votre b\u00e2timent ou votre local \u00e0 un tarif comp\u00e9titif.<\/p>\n","protected":false},"featured_media":863,"comment_status":"open","ping_status":"closed","template":"","meta":{"_eb_attr":""},"product_brand":[],"product_cat":[15],"product_tag":[],"class_list":{"0":"post-861","1":"product","2":"type-product","3":"status-publish","4":"has-post-thumbnail","6":"product_cat-uncategorized","7":"thunk-woo-product-list","8":"th-shop-mania-woo-hover-","9":"open-single-product-tab-horizontal","10":"open-shadow-","11":"open-shadow-hover-","13":"first","14":"instock","15":"shipping-taxable","16":"product-type-simple"},"_links":{"self":[{"href":"https:\/\/maujservices.com\/index.php\/wp-json\/wp\/v2\/product\/861","targetHints":{"allow":["GET"]}}],"collection":[{"href":"https:\/\/maujservices.com\/index.php\/wp-json\/wp\/v2\/product"}],"about":[{"href":"https:\/\/maujservices.com\/index.php\/wp-json\/wp\/v2\/types\/product"}],"replies":[{"embeddable":true,"href":"https:\/\/maujservices.com\/index.php\/wp-json\/wp\/v2\/comments?post=861"}],"version-history":[{"count":1,"href":"https:\/\/maujservices.com\/index.php\/wp-json\/wp\/v2\/product\/861\/revisions"}],"predecessor-version":[{"id":862,"href":"https:\/\/maujservices.com\/index.php\/wp-json\/wp\/v2\/product\/861\/revisions\/862"}],"wp:featuredmedia":[{"embeddable":true,"href":"https:\/\/maujservices.com\/index.php\/wp-json\/wp\/v2\/media\/863"}],"wp:attachment":[{"href":"https:\/\/maujservices.com\/index.php\/wp-json\/wp\/v2\/media?parent=861"}],"wp:term":[{"taxonomy":"product_brand","embeddable":true,"href":"https:\/\/maujservices.com\/index.php\/wp-json\/wp\/v2\/product_brand?post=861"},{"taxonomy":"product_cat","embeddable":true,"href":"https:\/\/maujservices.com\/index.php\/wp-json\/wp\/v2\/product_cat?post=861"},{"taxonomy":"product_tag","embeddable":true,"href":"https:\/\/maujservices.com\/index.php\/wp-json\/wp\/v2\/product_tag?post=861"}],"curies":[{"name":"wp","href":"https:\/\/api.w.org\/{rel}","templated":true}]}}